{"id":5152,"date":"2024-03-25T10:44:27","date_gmt":"2024-03-25T14:44:27","guid":{"rendered":"https:\/\/mediationcentreontario.com\/inscription-au-mip\/"},"modified":"2024-03-25T10:48:45","modified_gmt":"2024-03-25T14:48:45","slug":"inscription-au-mip","status":"publish","type":"page","link":"https:\/\/mediationcentreontario.com\/fr\/inscription-au-mip\/","title":{"rendered":"inscription au mip"},"content":{"rendered":"\t\t<div data-elementor-type=\"wp-page\" data-elementor-id=\"5152\" class=\"elementor elementor-5152 elementor-5150\" data-elementor-post-type=\"page\">\n\t\t\t\t<div class=\"elementor-element elementor-element-b2fd178 e-flex e-con-boxed e-con e-parent\" data-id=\"b2fd178\" data-element_type=\"container\" data-settings=\"{&quot;background_background&quot;:&quot;classic&quot;}\">\n\t\t\t\t\t<div class=\"e-con-inner\">\n\t\t\t\t<div class=\"elementor-element elementor-element-e89b24b eael-wpforms-labels-yes eael-wpforms-form-button-custom elementor-widget elementor-widget-eael-wpforms\" data-id=\"e89b24b\" data-element_type=\"widget\" data-widget_type=\"eael-wpforms.default\">\n\t\t\t\t<div class=\"elementor-widget-container\">\n\t\t\t            <div class=\"eael-contact-form eael-wpforms eael-contact-form-align-default\">\n                                <div class=\"wpforms-container wpforms-container-full\" id=\"wpforms-5116\"><form id=\"wpforms-form-5116\" class=\"wpforms-validate wpforms-form\" data-formid=\"5116\" method=\"post\" enctype=\"multipart\/form-data\" action=\"\/fr\/wp-json\/wp\/v2\/pages\/5152?wpforms_form_id=5116\" data-token=\"765dde0b8f27d6e7578cc03bea069e5c\" data-token-time=\"1777560365\"><div class=\"wpforms-head-container\"><div class=\"wpforms-title\">Mandatory Information Program<\/div><\/div><noscript class=\"wpforms-error-noscript\">Veuillez activer JavaScript dans votre navigateur pour remplir ce formulaire.<\/noscript><div class=\"wpforms-field-container\"><div id=\"wpforms-5116-field_1-container\" class=\"wpforms-field wpforms-field-radio wpforms-conditional-trigger\" data-field-id=\"1\"><label class=\"wpforms-field-label\" for=\"wpforms-5116-field_1\">Have you received a Mandatory Information Program (MIP) notice ?<\/label><ul id=\"wpforms-5116-field_1\"><li class=\"choice-1 depth-1\"><input type=\"radio\" id=\"wpforms-5116-field_1_1\" name=\"wpforms[fields][1]\" value=\"Yes\"  ><label class=\"wpforms-field-label-inline\" for=\"wpforms-5116-field_1_1\">Yes<\/label><\/li><li class=\"choice-2 depth-1\"><input type=\"radio\" id=\"wpforms-5116-field_1_2\" name=\"wpforms[fields][1]\" value=\"No\"  ><label class=\"wpforms-field-label-inline\" for=\"wpforms-5116-field_1_2\">No<\/label><\/li><\/ul><\/div><div id=\"wpforms-5116-field_8-container\" class=\"wpforms-field wpforms-field-content\" data-field-id=\"8\"><div id=\"wpforms-5116-field_8\" class=\"wpforms-field-medium wpforms-field-row\"><h4><img fetchpriority=\"high\" decoding=\"async\" class=\"alignnone wp-image-4880 size-large\" src=\"http:\/\/mediationcentreontario.com\/wp-content\/uploads\/2024\/03\/MIP-Notice-diagram-labelled-1024x696.png\" alt=\"\" width=\"800\" height=\"544\" srcset=\"https:\/\/mediationcentreontario.com\/wp-content\/uploads\/2024\/03\/MIP-Notice-diagram-labelled-1024x696.png 1024w, https:\/\/mediationcentreontario.com\/wp-content\/uploads\/2024\/03\/MIP-Notice-diagram-labelled-300x204.png 300w, https:\/\/mediationcentreontario.com\/wp-content\/uploads\/2024\/03\/MIP-Notice-diagram-labelled-768x522.png 768w, https:\/\/mediationcentreontario.com\/wp-content\/uploads\/2024\/03\/MIP-Notice-diagram-labelled-1536x1044.png 1536w, https:\/\/mediationcentreontario.com\/wp-content\/uploads\/2024\/03\/MIP-Notice-diagram-labelled-2048x1392.png 2048w, https:\/\/mediationcentreontario.com\/wp-content\/uploads\/2024\/03\/MIP-Notice-diagram-labelled-600x408.png 600w\" sizes=\"(max-width: 800px) 100vw, 800px\" \/><\/h4>\n<div class=\"wpforms-field-content-display-frontend-clear\"><\/div><\/div><\/div><div id=\"wpforms-5116-field_7-container\" class=\"wpforms-field wpforms-field-content wpforms-conditional-field wpforms-conditional-show\" data-field-id=\"7\" style=\"display:none;\"><div id=\"wpforms-5116-field_7\" class=\"wpforms-field-medium wpforms-field-row\"><div style=\"border: 1px solid grey;background-color: white;padding: 15px\">The court must have provided you with a MIP notice for you to register for this program.<\/div>\n<div class=\"wpforms-field-content-display-frontend-clear\"><\/div><\/div><\/div><div id=\"wpforms-5116-field_9-container\" class=\"wpforms-field wpforms-field-name wpforms-conditional-field wpforms-conditional-show\" data-field-id=\"9\" style=\"display:none;\"><label class=\"wpforms-field-label\" for=\"wpforms-5116-field_9\">Name <span class=\"wpforms-required-label\">*<\/span><\/label><div class=\"wpforms-field-row wpforms-field-medium\"><div class=\"wpforms-field-row-block wpforms-first wpforms-one-half\"><input type=\"text\" id=\"wpforms-5116-field_9\" class=\"wpforms-field-name-first wpforms-field-required\" name=\"wpforms[fields][9][first]\" required><label for=\"wpforms-5116-field_9\" class=\"wpforms-field-sublabel after \">Pr\u00e9nom<\/label><\/div><div class=\"wpforms-field-row-block wpforms-one-half\"><input type=\"text\" id=\"wpforms-5116-field_9-last\" class=\"wpforms-field-name-last wpforms-field-required\" name=\"wpforms[fields][9][last]\" required><label for=\"wpforms-5116-field_9-last\" class=\"wpforms-field-sublabel after \">Nom<\/label><\/div><\/div><\/div><div id=\"wpforms-5116-field_10-container\" class=\"wpforms-field wpforms-field-phone wpforms-conditional-field wpforms-conditional-show\" data-field-id=\"10\" style=\"display:none;\"><label class=\"wpforms-field-label\" for=\"wpforms-5116-field_10\">Phone <span class=\"wpforms-required-label\">*<\/span><\/label><input type=\"tel\" id=\"wpforms-5116-field_10\" class=\"wpforms-field-medium wpforms-field-required wpforms-smart-phone-field\" data-rule-smart-phone-field=\"true\" name=\"wpforms[fields][10]\" required><\/div><div id=\"wpforms-5116-field_11-container\" class=\"wpforms-field wpforms-field-email wpforms-conditional-field wpforms-conditional-show\" data-field-id=\"11\" style=\"display:none;\"><label class=\"wpforms-field-label\" for=\"wpforms-5116-field_11\">Email <span class=\"wpforms-required-label\">*<\/span><\/label><input type=\"email\" id=\"wpforms-5116-field_11\" class=\"wpforms-field-medium wpforms-field-required\" name=\"wpforms[fields][11]\" spellcheck=\"false\" required><\/div><div id=\"wpforms-5116-field_12-container\" class=\"wpforms-field wpforms-field-select wpforms-conditional-field wpforms-conditional-show wpforms-field-select-style-classic\" data-field-id=\"12\" style=\"display:none;\"><label class=\"wpforms-field-label\" for=\"wpforms-5116-field_12\">Court Location<\/label><select id=\"wpforms-5116-field_12\" class=\"wpforms-field-medium\" name=\"wpforms[fields][12]\"><option value=\"\" class=\"placeholder\" disabled  selected='selected'>--- Please Choose ---<\/option><option value=\"Chatham\" >Chatham<\/option><option value=\"Goderich\" >Goderich<\/option><option value=\"London\" >London<\/option><option value=\"Owen Sound\" >Owen Sound<\/option><option value=\"Sarnia\" >Sarnia<\/option><option value=\"Stratford\" >Stratford<\/option><option value=\"St. Thomas\" >St. Thomas<\/option><option value=\"Walkerton\" >Walkerton<\/option><option value=\"Windsor\" >Windsor<\/option><option value=\"Woodstock\" >Woodstock<\/option><\/select><\/div><div id=\"wpforms-5116-field_13-container\" class=\"wpforms-field wpforms-field-text wpforms-conditional-field wpforms-conditional-show\" data-field-id=\"13\" style=\"display:none;\"><label class=\"wpforms-field-label\" for=\"wpforms-5116-field_13\">Court File #<\/label><input type=\"text\" id=\"wpforms-5116-field_13\" class=\"wpforms-field-medium\" name=\"wpforms[fields][13]\" ><\/div><div id=\"wpforms-5116-field_14-container\" class=\"wpforms-field wpforms-field-file-upload wpforms-conditional-field wpforms-conditional-show\" data-field-id=\"14\" style=\"display:none;\"><label class=\"wpforms-field-label\" for=\"wpforms-5116-field_14\">Upload copy of MIP Notice <span class=\"wpforms-required-label\">*<\/span><\/label><div\n\t\tclass=\"wpforms-uploader\"\n\t\tdata-field-id=\"14\"\n\t\tdata-form-id=\"5116\"\n\t\tdata-input-name=\"wpforms_5116_14\"\n\t\tdata-extensions=\"pdf,doc,docx,jpg,jpeg,heic,pdf,doc,docx,jpg,jpeg,heic\"\n\t\tdata-max-size=\"524288000\"\n\t\tdata-max-file-number=\"5\"\n\t\tdata-post-max-size=\"1073741824\"\n\t\tdata-max-parallel-uploads=\"4\"\n\t\tdata-parallel-uploads=\"true\"\n\t\tdata-file-chunk-size=\"2097152\">\n\t<div class=\"dz-message\">\n\t\t<svg viewBox=\"0 0 1024 1024\" focusable=\"false\" data-icon=\"inbox\" width=\"50px\" height=\"50px\" fill=\"currentColor\" aria-hidden=\"true\">\n\t\t\t<path d=\"M885.2 446.3l-.2-.8-112.2-285.1c-5-16.1-19.9-27.2-36.8-27.2H281.2c-17 0-32.1 11.3-36.9 27.6L139.4 443l-.3.7-.2.8c-1.3 4.9-1.7 9.9-1 14.8-.1 1.6-.2 3.2-.2 4.8V830a60.9 60.9 0 0 0 60.8 60.8h627.2c33.5 0 60.8-27.3 60.9-60.8V464.1c0-1.3 0-2.6-.1-3.7.4-4.9 0-9.6-1.3-14.1zm-295.8-43l-.3 15.7c-.8 44.9-31.8 75.1-77.1 75.1-22.1 0-41.1-7.1-54.8-20.6S436 441.2 435.6 419l-.3-15.7H229.5L309 210h399.2l81.7 193.3H589.4zm-375 76.8h157.3c24.3 57.1 76 90.8 140.4 90.8 33.7 0 65-9.4 90.3-27.2 22.2-15.6 39.5-37.4 50.7-63.6h156.5V814H214.4V480.1z\"><\/path>\n\t\t<\/svg>\n\t\t<span class=\"modern-title\">Cliquez ou d\u00e9placez les fichiers vers cette zone pour les t\u00e9l\u00e9verser.<\/span>\n\n\t\t\t\t\t<span class=\"modern-hint\">Vous pouvez t\u00e9l\u00e9verser jusqu\u2019\u00e0 5 fichiers.<\/span>\n\t\t\t<\/div>\n<\/div>\n<input\n\t\ttype=\"text\"\n\t\tautocomplete=\"off\"\n\t\treadonly\n\t\tclass=\"dropzone-input\"\n\t\tstyle=\"position:absolute!important;clip:rect(0,0,0,0)!important;height:1px!important;width:1px!important;border:0!important;overflow:hidden!important;padding:0!important;margin:0!important;\"\n\t\tid=\"wpforms-5116-field_14\"\n\t\tname=\"wpforms_5116_14\" required\t\tvalue=\"\">\n<\/div><div id=\"wpforms-5116-field_3-container\" class=\"wpforms-field wpforms-field-radio wpforms-conditional-field wpforms-conditional-show\" data-field-id=\"3\" style=\"display:none;\"><label class=\"wpforms-field-label\" for=\"wpforms-5116-field_3\">Are you an Applicant or a Respondent?  <span class=\"wpforms-required-label\">*<\/span><\/label><ul id=\"wpforms-5116-field_3\" class=\"wpforms-field-required\"><li class=\"choice-1 depth-1\"><input type=\"radio\" id=\"wpforms-5116-field_3_1\" name=\"wpforms[fields][3]\" value=\"Applicant\" required ><label class=\"wpforms-field-label-inline\" for=\"wpforms-5116-field_3_1\">Applicant<\/label><\/li><li class=\"choice-2 depth-1\"><input type=\"radio\" id=\"wpforms-5116-field_3_2\" name=\"wpforms[fields][3]\" value=\"Respondent\" required ><label class=\"wpforms-field-label-inline\" for=\"wpforms-5116-field_3_2\">Respondent<\/label><\/li><\/ul><\/div><\/div><!-- .wpforms-field-container --><div class=\"wpforms-submit-container\" ><input type=\"hidden\" name=\"wpforms[id]\" value=\"5116\"><input type=\"hidden\" name=\"page_title\" value=\"\"><input type=\"hidden\" name=\"page_url\" value=\"https:\/\/mediationcentreontario.com\/fr\/wp-json\/wp\/v2\/pages\/5152\"><button type=\"submit\" name=\"wpforms[submit]\" id=\"wpforms-submit-5116\" class=\"wpforms-submit\" data-alt-text=\"Processing.....\" data-submit-text=\"Proceed to Step 2\" aria-live=\"assertive\" value=\"wpforms-submit\">Proceed to Step 2<\/button><\/div><\/form><\/div>  <!-- .wpforms-container -->            <\/div>\n\t\t<\/div>\n\t\t\t\t<\/div>\n\t\t\t\t\t<\/div>\n\t\t\t\t<\/div>\n\t\t\t\t<\/div>\n\t\t","protected":false},"excerpt":{"rendered":"<p>Mandatory Information ProgramPlease enable JavaScript in your browser to complete this form.Have you completed the Mediation Information Form Yes No If yes, continue to next question: If no, Please complete the Mediation Form before registering for the Mandatory Informatin Program https:\/\/mediationcentreontario.com\/mediation-information-form\/ Are you an Applicant or a Respondent? * First Choice Second Choice Multiple Choice [&hellip;]<\/p>\n","protected":false},"author":199,"featured_media":0,"parent":0,"menu_order":0,"comment_status":"closed","ping_status":"closed","template":"","meta":{"footnotes":""},"_links":{"self":[{"href":"https:\/\/mediationcentreontario.com\/fr\/wp-json\/wp\/v2\/pages\/5152"}],"collection":[{"href":"https:\/\/mediationcentreontario.com\/fr\/wp-json\/wp\/v2\/pages"}],"about":[{"href":"https:\/\/mediationcentreontario.com\/fr\/wp-json\/wp\/v2\/types\/page"}],"author":[{"embeddable":true,"href":"https:\/\/mediationcentreontario.com\/fr\/wp-json\/wp\/v2\/users\/199"}],"replies":[{"embeddable":true,"href":"https:\/\/mediationcentreontario.com\/fr\/wp-json\/wp\/v2\/comments?post=5152"}],"version-history":[{"count":3,"href":"https:\/\/mediationcentreontario.com\/fr\/wp-json\/wp\/v2\/pages\/5152\/revisions"}],"predecessor-version":[{"id":5164,"href":"https:\/\/mediationcentreontario.com\/fr\/wp-json\/wp\/v2\/pages\/5152\/revisions\/5164"}],"wp:attachment":[{"href":"https:\/\/mediationcentreontario.com\/fr\/wp-json\/wp\/v2\/media?parent=5152"}],"curies":[{"name":"wp","href":"https:\/\/api.w.org\/{rel}","templated":true}]}}