{"id":2690,"date":"2020-06-08T22:45:05","date_gmt":"2020-06-09T02:45:05","guid":{"rendered":"https:\/\/mediationcentre.com\/product\/paiement-de-la-mediation\/"},"modified":"2023-11-30T03:29:29","modified_gmt":"2023-11-30T07:29:29","slug":"paiement-de-la-mediation","status":"publish","type":"product","link":"https:\/\/mediationcentreontario.com\/fr\/produit\/paiement-de-la-mediation\/","title":{"rendered":"Paiement de la m\u00e9diation"},"content":{"rendered":"","protected":false},"excerpt":{"rendered":"<p><span style=\"font-weight: 400;\">Pour votre protection, notre syst\u00e8me dispose d&rsquo;une option de s\u00e9curit\u00e9 de r\u00e9initialisation de 24 heures. Si, pour quelque raison que ce soit <\/span><span style=\"font-weight: 400;\">Si votre paiement n&rsquo;aboutit pas, veuillez attendre 24 heures avant de r\u00e9essayer. <\/span><span style=\"font-weight: 400;\">nouveau paiement. <\/span><\/p>\n<p><span style=\"font-weight: 400;\">Merci de votre attention. <\/span><\/p>\n<p><span style=\"font-weight: 400;\">Le Centre de m\u00e9diation familiale<\/span><\/p>\n","protected":false},"featured_media":0,"template":"","meta":[],"product_cat":[64],"product_tag":[],"_links":{"self":[{"href":"https:\/\/mediationcentreontario.com\/fr\/wp-json\/wp\/v2\/product\/2690"}],"collection":[{"href":"https:\/\/mediationcentreontario.com\/fr\/wp-json\/wp\/v2\/product"}],"about":[{"href":"https:\/\/mediationcentreontario.com\/fr\/wp-json\/wp\/v2\/types\/product"}],"version-history":[{"count":0,"href":"https:\/\/mediationcentreontario.com\/fr\/wp-json\/wp\/v2\/product\/2690\/revisions"}],"wp:attachment":[{"href":"https:\/\/mediationcentreontario.com\/fr\/wp-json\/wp\/v2\/media?parent=2690"}],"wp:term":[{"taxonomy":"product_cat","embeddable":true,"href":"https:\/\/mediationcentreontario.com\/fr\/wp-json\/wp\/v2\/product_cat?post=2690"},{"taxonomy":"product_tag","embeddable":true,"href":"https:\/\/mediationcentreontario.com\/fr\/wp-json\/wp\/v2\/product_tag?post=2690"}],"curies":[{"name":"wp","href":"https:\/\/api.w.org\/{rel}","templated":true}]}}